{"id":37,"date":"2020-06-10T22:37:25","date_gmt":"2020-06-10T22:37:25","guid":{"rendered":"http:\/\/ecogli.promotii.org\/?page_id=37"},"modified":"2023-06-05T05:51:00","modified_gmt":"2023-06-05T05:51:00","slug":"locatii","status":"publish","type":"page","link":"https:\/\/ecogli.ro\/?page_id=37","title":{"rendered":"Loca\u021bii"},"content":{"rendered":"\n<p>Trenul Express de Bra\u0219ov nu v\u0103 poate aduce la noi&#8230; dar pentru o consulta\u021bie de calitate la cabinetele noastre, sigur o s\u0103 g\u0103si\u021bi o modalitate adecvat\u0103 pentru deplasare !<\/p>\n\n\n\n<p class=\"has-light-green-cyan-background-color has-background has-medium-font-size\"><strong>Bra\u0219ov, str. Lunga, nr. 209<\/strong><\/p>\n\n\n\n<blockquote class=\"wp-block-quote is-layout-flow wp-block-quote-is-layout-flow\">\n<p><em><strong>Programul nostru la Centrul Medical Ecogli din Bra\u0219ov, str. Lung\u0103, nr. 209 este:<\/strong><\/em><\/p>\n\n\n\n<p class=\"has-luminous-vivid-amber-background-color has-background\"><strong>Obstetrica-Ginecologie: Marti, Miercuri \u0219i Joi orele 15:00-18:30<\/strong><\/p>\n\n\n\n<p class=\"has-luminous-vivid-amber-background-color has-background\"><strong>Consulta\u021bie Endocrinologie: Luni orele 17:00-20:00<\/strong><\/p>\n\n\n\n<p>Pentru contactare online utilizati acest <a href=\"\/?p=192\">link<\/a>.<\/p>\n\n\n\n<p>Telefon: +40727633518<\/p>\n\n\n\n<p>e-mail: <a href=\"mailto:office@ecogli.ro\">office@ecogli.ro<\/a><\/p>\n<\/blockquote>\n\n\n\n<div class=\"vsg-map\"><iframe loading=\"lazy\" align=\"left\" width=\"500\" height=\"500\" frameborder=\"0\" scrolling=\"no\" marginheight=\"0\" marginwidth=\"0\" src=\"https:\/\/maps.google.com\/maps?&q=Brasov%2C%20str.%20Lunga%2C%20nr.%20209&amp;cid=&amp;t=m&amp;center=Brasov%2C%20str.%20Lunga%2C%20nr.%20209&output=embed&z=14&iwloc=A&visual_refresh=true\"><\/iframe><\/div>\n\n\n\n<p>*****<\/p>\n\n\n\n<figure class=\"wp-block-image size-full is-style-rounded\"><img loading=\"lazy\" decoding=\"async\" width=\"904\" height=\"555\" src=\"http:\/\/ecogli.ro\/wp-content\/uploads\/2023\/06\/locatie_brasov.jpg\" alt=\"\" class=\"wp-image-358\" srcset=\"https:\/\/ecogli.ro\/wp-content\/uploads\/2023\/06\/locatie_brasov.jpg 904w, https:\/\/ecogli.ro\/wp-content\/uploads\/2023\/06\/locatie_brasov-300x184.jpg 300w, https:\/\/ecogli.ro\/wp-content\/uploads\/2023\/06\/locatie_brasov-768x472.jpg 768w\" sizes=\"auto, (max-width: 904px) 100vw, 904px\" \/><\/figure>\n\n\n\n<hr class=\"wp-block-separator has-css-opacity\"\/>\n\n\n\n<p>*****<\/p>\n\n\n\n<p class=\"has-vivid-green-cyan-background-color has-background has-medium-font-size\"><strong>Barcani, \u00centorsura Buz\u0103ului<\/strong><\/p>\n\n\n\n<blockquote class=\"wp-block-quote is-layout-flow wp-block-quote-is-layout-flow\">\n<p><em><strong>Programul nostru la Centrul Medical Ecogli din Barcani, str. Principal\u0103, nr. 266 este:<\/strong><\/em><\/p>\n\n\n\n<p class=\"has-luminous-vivid-amber-background-color has-background\"><strong>Obstetrica-Ginecologie: Marti 15:00-19:00, Miercuri 09:00-13:00, Joi\u00a015:00-19:00<\/strong><\/p>\n\n\n\n<p class=\"has-luminous-vivid-amber-background-color has-background\"><strong>Consulta\u021bie Endocrinologie: S\u00e2mb\u0103t\u0103 09:00-12:00<\/strong><\/p>\n\n\n\n<p>Pentru contactare online utilizati acest <a href=\"\/?p=192\">link<\/a>.<\/p>\n\n\n\n<p>Telefon: +40725912266<\/p>\n\n\n\n<p>e-mail: <a href=\"mailto:barcani@ecogli.ro\">barcani@ecogli.ro<\/a><\/p>\n<\/blockquote>\n\n\n\n<div class=\"vsg-map\"><iframe loading=\"lazy\" align=\"left\" width=\"500\" height=\"500\" frameborder=\"0\" scrolling=\"no\" marginheight=\"0\" marginwidth=\"0\" src=\"https:\/\/maps.google.com\/maps?&q=Intorsura%20Buzaului%2C%20Barcani&amp;cid=&amp;t=m&amp;center=Intorsura%20Buzaului%2C%20Barcani&output=embed&z=14&iwloc=A&visual_refresh=true\"><\/iframe><\/div>\n\n\n\n<div style=\"height:56px\" aria-hidden=\"true\" class=\"wp-block-spacer\"><\/div>\n\n\n\n<hr class=\"wp-block-separator has-css-opacity\"\/>\n\n\n\n<p>.<\/p>\n","protected":false},"excerpt":{"rendered":"<p>Trenul Express de Bra\u0219ov nu v\u0103 poate aduce la noi&#8230; dar pentru o consulta\u021bie de calitate la cabinetele noastre, sigur o s\u0103 g\u0103si\u021bi o modalitate adecvat\u0103 pentru deplasare ! Bra\u0219ov, str. Lunga, nr. 209 Programul nostru la Centrul Medical Ecogli din Bra\u0219ov, str. Lung\u0103, nr. 209 este: Obstetrica-Ginecologie: Marti, Miercuri \u0219i Joi orele 15:00-18:30 Consulta\u021bie [&hellip;]<\/p>\n","protected":false},"author":1,"featured_media":0,"parent":0,"menu_order":0,"comment_status":"closed","ping_status":"closed","template":"","meta":{"footnotes":""},"class_list":["post-37","page","type-page","status-publish","hentry"],"_links":{"self":[{"href":"https:\/\/ecogli.ro\/index.php?rest_route=\/wp\/v2\/pages\/37","targetHints":{"allow":["GET"]}}],"collection":[{"href":"https:\/\/ecogli.ro\/index.php?rest_route=\/wp\/v2\/pages"}],"about":[{"href":"https:\/\/ecogli.ro\/index.php?rest_route=\/wp\/v2\/types\/page"}],"author":[{"embeddable":true,"href":"https:\/\/ecogli.ro\/index.php?rest_route=\/wp\/v2\/users\/1"}],"replies":[{"embeddable":true,"href":"https:\/\/ecogli.ro\/index.php?rest_route=%2Fwp%2Fv2%2Fcomments&post=37"}],"version-history":[{"count":30,"href":"https:\/\/ecogli.ro\/index.php?rest_route=\/wp\/v2\/pages\/37\/revisions"}],"predecessor-version":[{"id":374,"href":"https:\/\/ecogli.ro\/index.php?rest_route=\/wp\/v2\/pages\/37\/revisions\/374"}],"wp:attachment":[{"href":"https:\/\/ecogli.ro\/index.php?rest_route=%2Fwp%2Fv2%2Fmedia&parent=37"}],"curies":[{"name":"wp","href":"https:\/\/api.w.org\/{rel}","templated":true}]}}